{"id":2,"date":"2020-07-29T09:51:15","date_gmt":"2020-07-29T07:51:15","guid":{"rendered":""},"modified":"2025-05-23T11:50:51","modified_gmt":"2025-05-23T09:50:51","slug":"beispiel-seite","status":"publish","type":"page","link":"https:\/\/www.lebelebendig.at\/","title":{"rendered":""},"content":{"rendered":"\n<div class=\"firstImage scrollImageBlock\"><img decoding=\"async\" src=\"wp-content\/themes\/zuari\/images\/12.JPG\" title=\"gemeinsam\"><\/div>\n\n\n\n<div class=\"content__block_p\"><div><p class=\"has-large-font-size\"><span class=\"red\">Was erwartet <\/span><span class=\"yellow\">meinen Klienten\/meine Klientin?<\/span><\/p>\n<p><\/p><ul>\n<li>Zeit f\u00fcr sich<\/li>\n<li>Themen\/Fragestellungen definieren<\/li>\n<li>Gemeinsam l\u00f6sungsorientierte M\u00f6glichkeiten zur positiven Ver\u00e4nderung erarbeiten<\/li>\n<li>Hilfestellung beim n\u00e4chsten Schritt in der pers\u00f6nlichen Entwicklung<\/li>\n<li>Themen hinter sich lassen\/abschlie\u00dfen<\/li>\n<li>Lernen auf seine innere Stimme zu h\u00f6ren &#8211; \u201eWas will mein ICH?\u201c<\/li>\n<li>Ziel: mit sich selbst zufrieden sein, so wie man ist<\/li>\n<li>Themenschwerpunkt: Familienberatung, Kinder- und Jugendarbeit<\/li>\n<\/ul><p><\/p><\/div><\/div>\n\n\n\n<div class=\"secondImage scrollImageBlock\"><img decoding=\"async\" src=\"wp-content\/themes\/zuari\/images\/17.jpg\" title=\"den Weg gehen und einzigartig sein\"><\/div>\n\n\n\n<div class=\"content__block_p\"><div><p class=\"has-large-font-size\"><span class=\"red\">Was ist<\/span> <span class=\"yellow\">Lebens- und Sozialberatung <\/span><span class=\"red\">(L&amp;SB)?<\/span><\/p>\n<p>Lebens- und Sozialberatung ist \u2013 trotz langer Tradition von Beratung &#8211; im definierten Sinn ein sehr junges Berufsfeld in \u00d6sterreich, das erst 1989 gesetzlich geregelt wurde. Unter Lebens- und Sozialberatung wird die professionelle, bewusste und geplante Beratung, Betreuung und Begleitung von Menschen in Entscheidungs- und Problemsituationen verstanden. Lebens- und SozialberaterInnen behandeln keine krankheitswertigen St\u00f6rungen, sie arbeiten ausschlie\u00dflich mit Menschen, bei denen keine psychischen Erkrankungen vorliegen. Spezielle Beratungsfelder sind Supervision, Selbsterfahrung, Coaching, Mediation, Mobbing und Krisenintervention. Lebens- und Sozialberatung hilft, eigene Verhaltensweisen und Bed\u00fcrfnisse zu reflektieren, die eigene Wahrnehmung zu erweitern und dadurch Probleme zu l\u00f6sen und das Leben zufriedenstellender zu gestalten. Lebens- und Sozialberatung ist ein Beziehungsprozess, in dem mit Unterst\u00fctzung des Beraters\/der Beraterin eine belastende oder einschr\u00e4nkende Lebenssituation ver\u00e4ndert wird.\n<\/p><a href=\"https:\/\/www.lebensberatung.at\/contents\/2953\/definition-lebens-und-sozialberatung\">Quelle: www.lebensberatung.at<\/a><\/div><\/div>\n\n\n\n<div class=\"thirdImage scrollImageBlock\"><img decoding=\"async\" id=\"ueberMich\" src=\"wp-content\/themes\/zuari\/images\/15.png\"><\/div>\n\n\n\n<div class=\"content__block_p\"><div><p class=\"has-large-font-size\"><span class=\"red\">\u00dcber<\/span> <span class=\"yellow\">mich<\/span><\/p>\n<img class=\"christa\">\n<p>Ich hei\u00dfe Christa Himmetsberger, bin 1969 geboren, lebe in der Gemeinde Scharten\/Ober\u00f6sterreich und habe zwei wunderbare S\u00f6hne, Jonas und Paul, die bereits selbstst\u00e4ndig ihr Leben gestalten. Meine Arbeit mit Kindern begann 1987 in meiner Ausbildung in der Kinderklinik Linz. 1990 wechselte ich nach meinem Diplomabschluss in das Ordensklinikum BHS Linz, wo ich bis heute im Kinder- und S\u00e4ugling-Bereich kleine Patienten mit ihren Eltern bzw. Bezugspersonen am Weg der Besserung betreuen bzw. unterst\u00fctzend begleiten darf. Zus\u00e4tzlich arbeite ich als Praxisanleiterin mit FH-StudentInnen, die in Ausbildung zum gehobenen Dienst f\u00fcr Gesundheits- und Krankenpflege stehen und mit zuk\u00fcnftigen PflegefachassistentInnen, um ihnen die Praxis in meinem T\u00e4tigkeitsbereich n\u00e4her zu bringen.\n<br><br>\nZahlreiche Kurse, Seminare und vor allem mein Familienleben und die Arbeit im Krankenhaus haben mir geholfen, zu lernen, jeden einzelnen Menschen wertsch\u00e4tzend anzunehmen, so wie er ist, lebt und \u201etickt\u201c.\n<br><br>\nHobbys: Fotografieren und lesen sind meine Leidenschaften. Ich bewege mich gerne in der Natur, hole mir Ruhe und Entspannung bei der Pflege meines kleinen Gartens und liebe das Meer, die Jahreszeiten, Joga und <br>Taschen&#8230; .\n<br><br>\nAusbildungen:\n<\/p><ul>\n<li>Diplomierte Kinderkranken- und S\u00e4uglingsschwester<\/li>\n<li>Diplomierte Lebens- und Sozialberaterin\nmit Sonderausbildung (Psychologische Beratung) f\u00fcr &#8222;Trauerbegleitung&#8220; nach den Ma\u00dfnahmen des Fachverbandes Personenberatung und Personenbetreuung inkl. Aufnahme in den Expert:innenpool<\/li>\n<li>Diplomierte Humanenergetikerin<\/li>\n<\/ul>\n<\/div><\/div>\n<div class=\"christaBox\"><img class=\"christa\"><\/div>\n\n\n\n<div class=\"content__block_p KontaktinfoBox scrollImageBlock\"><div class=\"Kontaktinformationen\">\n<p class=\"has-large-font-size\"><span class=\"red\">Kontakt<\/span><span class=\"yellow\">informationen<\/span><\/p>\n<p>Christa Himmetsberger<br>\nLebens- und Sozialberatung<br>\n0699\/81237762<br>\n<span class=\"boldaf\">Bitte auf die Mailbox sprechen. Ich rufe umgehend zur\u00fcck.<\/span><br>\nchrihim@gmail.com<br>\n<span class=\"boldaf\"><i>Das Gewerbe als Lebens und Sozialberater ist dzt. ruhend gemeldet<\/i><\/span><br><\/p><\/div>\n<!--div id=\"wrapper-9cd199b9cc5410cd3b1ad21cab2e54d3\" class=\"map__wrapper\">\n    <div id=\"map-9cd199b9cc5410cd3b1ad21cab2e54d3\" class=\"map\"><\/div>\n    <a href=\"https:\/\/1map.com\/de\/map-embed\">1 Map<\/a>\n<\/div-->\n<\/div>\n\n\n\n\n\n<p><\/p>\n","protected":false},"excerpt":{"rendered":"<p>Was erwartet meinen Klienten\/meine Klientin? Zeit f\u00fcr sich Themen\/Fragestellungen definieren Gemeinsam l\u00f6sungsorientierte M\u00f6glichkeiten zur positiven Ver\u00e4nderung erarbeiten Hilfestellung beim n\u00e4chsten Schritt in der pers\u00f6nlichen Entwicklung Themen hinter sich lassen\/abschlie\u00dfen Lernen auf seine innere Stimme zu h\u00f6ren &#8211; \u201eWas will mein ICH?\u201c Ziel: mit sich selbst zufrieden sein, so wie man ist Themenschwerpunkt: Familienberatung, Kinder- und [&hellip;]<\/p>\n","protected":false},"author":1,"featured_media":0,"parent":0,"menu_order":0,"comment_status":"closed","ping_status":"open","template":"","meta":{"footnotes":""},"class_list":["post-2","page","type-page","status-publish","hentry"],"_links":{"self":[{"href":"https:\/\/www.lebelebendig.at\/index.php?rest_route=\/wp\/v2\/pages\/2","targetHints":{"allow":["GET"]}}],"collection":[{"href":"https:\/\/www.lebelebendig.at\/index.php?rest_route=\/wp\/v2\/pages"}],"about":[{"href":"https:\/\/www.lebelebendig.at\/index.php?rest_route=\/wp\/v2\/types\/page"}],"author":[{"embeddable":true,"href":"https:\/\/www.lebelebendig.at\/index.php?rest_route=\/wp\/v2\/users\/1"}],"replies":[{"embeddable":true,"href":"https:\/\/www.lebelebendig.at\/index.php?rest_route=%2Fwp%2Fv2%2Fcomments&post=2"}],"version-history":[{"count":39,"href":"https:\/\/www.lebelebendig.at\/index.php?rest_route=\/wp\/v2\/pages\/2\/revisions"}],"predecessor-version":[{"id":167,"href":"https:\/\/www.lebelebendig.at\/index.php?rest_route=\/wp\/v2\/pages\/2\/revisions\/167"}],"wp:attachment":[{"href":"https:\/\/www.lebelebendig.at\/index.php?rest_route=%2Fwp%2Fv2%2Fmedia&parent=2"}],"curies":[{"name":"wp","href":"https:\/\/api.w.org\/{rel}","templated":true}]}}